{"id":165,"date":"2023-07-18T20:26:16","date_gmt":"2023-07-18T18:26:16","guid":{"rendered":"https:\/\/juza.cz\/?page_id=165"},"modified":"2023-09-05T21:12:45","modified_gmt":"2023-09-05T19:12:45","slug":"elementor-165","status":"publish","type":"page","link":"https:\/\/juza.cz\/","title":{"rendered":"Jaroslav J\u016fza &#8211; Ku\u0159im"},"content":{"rendered":"\t\t<div data-elementor-type=\"wp-post\" data-elementor-id=\"165\" class=\"elementor elementor-165\" data-elementor-post-type=\"page\">\n\t\t\t\t\t\t\t<div class=\"elementor-element elementor-element-4b8482e e-con-full e-flex e-con\" data-id=\"4b8482e\" data-element_type=\"container\" data-settings=\"{&quot;content_width&quot;:&quot;full&quot;,&quot;background_background&quot;:&quot;classic&quot;}\">\n\t\t<div class=\"elementor-element elementor-element-53588dc elementor-hidden-tablet elementor-hidden-mobile e-con-full e-flex e-con\" data-id=\"53588dc\" data-element_type=\"container\" data-settings=\"{&quot;content_width&quot;:&quot;full&quot;}\">\n\t\t<div class=\"elementor-element elementor-element-a253f58 e-con-full e-flex e-con\" data-id=\"a253f58\" data-element_type=\"container\" data-settings=\"{&quot;content_width&quot;:&quot;full&quot;,&quot;background_background&quot;:&quot;classic&quot;}\">\n\t\t\t\t<div class=\"elementor-element elementor-element-ad2fdbf elementor-widget elementor-widget-image\" data-id=\"ad2fdbf\" data-element_type=\"widget\" data-widget_type=\"image.default\">\n\t\t\t\t<div class=\"elementor-widget-container\">\n\t\t\t<style>\/*! elementor - v3.14.0 - 26-06-2023 *\/\n.elementor-widget-image{text-align:center}.elementor-widget-image a{display:inline-block}.elementor-widget-image a img[src$=\".svg\"]{width:48px}.elementor-widget-image img{vertical-align:middle;display:inline-block}<\/style>\t\t\t\t\t\t\t\t\t\t\t\t\t<a href=\"http:\/\/ubytovani-kurim.cz\">\n\t\t\t\t\t\t\t<img loading=\"lazy\" decoding=\"async\" width=\"800\" height=\"800\" src=\"https:\/\/juza.cz\/wp-content\/uploads\/2023\/09\/ubytovani_logo1-1024x1024.png\" class=\"attachment-large size-large wp-image-204\" alt=\"\" srcset=\"https:\/\/juza.cz\/wp-content\/uploads\/2023\/09\/ubytovani_logo1-1024x1024.png 1024w, https:\/\/juza.cz\/wp-content\/uploads\/2023\/09\/ubytovani_logo1-300x300.png 300w, https:\/\/juza.cz\/wp-content\/uploads\/2023\/09\/ubytovani_logo1-150x150.png 150w, https:\/\/juza.cz\/wp-content\/uploads\/2023\/09\/ubytovani_logo1-768x768.png 768w, https:\/\/juza.cz\/wp-content\/uploads\/2023\/09\/ubytovani_logo1-1536x1536.png 1536w, https:\/\/juza.cz\/wp-content\/uploads\/2023\/09\/ubytovani_logo1-2048x2048.png 2048w\" sizes=\"auto, (max-width: 800px) 100vw, 800px\" \/>\t\t\t\t\t\t\t\t<\/a>\n\t\t\t\t\t\t\t\t\t\t\t\t\t\t\t<\/div>\n\t\t\t\t<\/div>\n\t\t\t\t<div class=\"elementor-element elementor-element-57e9202 elementor-widget elementor-widget-image\" data-id=\"57e9202\" data-element_type=\"widget\" data-widget_type=\"image.default\">\n\t\t\t\t<div class=\"elementor-widget-container\">\n\t\t\t\t\t\t\t\t\t\t\t\t\t\t\t\t<a href=\"http:\/\/karavany-kurim.cz\">\n\t\t\t\t\t\t\t<img loading=\"lazy\" decoding=\"async\" width=\"800\" height=\"800\" src=\"https:\/\/juza.cz\/wp-content\/uploads\/2023\/09\/karavany_logo2-1024x1024.png\" class=\"attachment-large size-large wp-image-203\" alt=\"\" srcset=\"https:\/\/juza.cz\/wp-content\/uploads\/2023\/09\/karavany_logo2-1024x1024.png 1024w, https:\/\/juza.cz\/wp-content\/uploads\/2023\/09\/karavany_logo2-300x300.png 300w, https:\/\/juza.cz\/wp-content\/uploads\/2023\/09\/karavany_logo2-150x150.png 150w, https:\/\/juza.cz\/wp-content\/uploads\/2023\/09\/karavany_logo2-768x768.png 768w, https:\/\/juza.cz\/wp-content\/uploads\/2023\/09\/karavany_logo2-1536x1536.png 1536w, https:\/\/juza.cz\/wp-content\/uploads\/2023\/09\/karavany_logo2-2048x2048.png 2048w\" sizes=\"auto, (max-width: 800px) 100vw, 800px\" \/>\t\t\t\t\t\t\t\t<\/a>\n\t\t\t\t\t\t\t\t\t\t\t\t\t\t\t<\/div>\n\t\t\t\t<\/div>\n\t\t\t\t<div class=\"elementor-element elementor-element-bda7745 elementor-mobile-align-left elementor-widget-mobile__width-inherit elementor-icon-list--layout-traditional elementor-list-item-link-full_width elementor-widget elementor-widget-icon-list\" data-id=\"bda7745\" data-element_type=\"widget\" data-widget_type=\"icon-list.default\">\n\t\t\t\t<div class=\"elementor-widget-container\">\n\t\t\t<link rel=\"stylesheet\" href=\"https:\/\/juza.cz\/wp-content\/plugins\/elementor\/assets\/css\/widget-icon-list.min.css\">\t\t<ul class=\"elementor-icon-list-items\">\n\t\t\t\t\t\t\t<li class=\"elementor-icon-list-item\">\n\t\t\t\t\t\t\t\t\t\t\t<a href=\"mailto:juza@juza.cz\">\n\n\t\t\t\t\t\t\t\t\t\t\t\t<span class=\"elementor-icon-list-icon\">\n\t\t\t\t\t\t\t<i aria-hidden=\"true\" class=\"far fa-envelope\"><\/i>\t\t\t\t\t\t<\/span>\n\t\t\t\t\t\t\t\t\t\t<span class=\"elementor-icon-list-text\">Juza@juza.cz<\/span>\n\t\t\t\t\t\t\t\t\t\t\t<\/a>\n\t\t\t\t\t\t\t\t\t<\/li>\n\t\t\t\t\t\t\t\t<li class=\"elementor-icon-list-item\">\n\t\t\t\t\t\t\t\t\t\t\t<a href=\"tel:+420%20603%20273%20464\">\n\n\t\t\t\t\t\t\t\t\t\t\t\t<span class=\"elementor-icon-list-icon\">\n\t\t\t\t\t\t\t<i aria-hidden=\"true\" class=\"fas fa-phone-alt\"><\/i>\t\t\t\t\t\t<\/span>\n\t\t\t\t\t\t\t\t\t\t<span class=\"elementor-icon-list-text\">+420 603 273 464<\/span>\n\t\t\t\t\t\t\t\t\t\t\t<\/a>\n\t\t\t\t\t\t\t\t\t<\/li>\n\t\t\t\t\t\t\t\t<li class=\"elementor-icon-list-item\">\n\t\t\t\t\t\t\t\t\t\t\t<a href=\"tel:+420%20603%20273%20464\">\n\n\t\t\t\t\t\t\t\t\t\t\t\t<span class=\"elementor-icon-list-icon\">\n\t\t\t\t\t\t\t<i aria-hidden=\"true\" class=\"fas fa-map-marker-alt\"><\/i>\t\t\t\t\t\t<\/span>\n\t\t\t\t\t\t\t\t\t\t<span class=\"elementor-icon-list-text\">Otev\u0159en\u00e1 707, 664 34 Ku\u0159im<\/span>\n\t\t\t\t\t\t\t\t\t\t\t<\/a>\n\t\t\t\t\t\t\t\t\t<\/li>\n\t\t\t\t\t\t<\/ul>\n\t\t\t\t<\/div>\n\t\t\t\t<\/div>\n\t\t\t\t<\/div>\n\t\t<div class=\"elementor-element elementor-element-4aa9d1b e-con-full e-flex e-con\" data-id=\"4aa9d1b\" data-element_type=\"container\" data-settings=\"{&quot;content_width&quot;:&quot;full&quot;,&quot;background_background&quot;:&quot;classic&quot;}\">\n\t\t\t\t<div class=\"elementor-element elementor-element-99acf18 elementor-widget elementor-widget-image\" data-id=\"99acf18\" data-element_type=\"widget\" data-widget_type=\"image.default\">\n\t\t\t\t<div class=\"elementor-widget-container\">\n\t\t\t\t\t\t\t\t\t\t\t\t\t\t\t\t<a href=\"http:\/\/naradi-kurim.cz\">\n\t\t\t\t\t\t\t<img loading=\"lazy\" decoding=\"async\" width=\"800\" height=\"800\" src=\"https:\/\/juza.cz\/wp-content\/uploads\/2023\/09\/naradi_logo5-1024x1024.png\" class=\"attachment-large size-large wp-image-205\" alt=\"\" srcset=\"https:\/\/juza.cz\/wp-content\/uploads\/2023\/09\/naradi_logo5-1024x1024.png 1024w, https:\/\/juza.cz\/wp-content\/uploads\/2023\/09\/naradi_logo5-300x300.png 300w, https:\/\/juza.cz\/wp-content\/uploads\/2023\/09\/naradi_logo5-150x150.png 150w, https:\/\/juza.cz\/wp-content\/uploads\/2023\/09\/naradi_logo5-768x768.png 768w, https:\/\/juza.cz\/wp-content\/uploads\/2023\/09\/naradi_logo5-1536x1536.png 1536w, https:\/\/juza.cz\/wp-content\/uploads\/2023\/09\/naradi_logo5-2048x2048.png 2048w\" sizes=\"auto, (max-width: 800px) 100vw, 800px\" \/>\t\t\t\t\t\t\t\t<\/a>\n\t\t\t\t\t\t\t\t\t\t\t\t\t\t\t<\/div>\n\t\t\t\t<\/div>\n\t\t\t\t<div class=\"elementor-element elementor-element-b711851 elementor-widget elementor-widget-image\" data-id=\"b711851\" data-element_type=\"widget\" data-widget_type=\"image.default\">\n\t\t\t\t<div class=\"elementor-widget-container\">\n\t\t\t\t\t\t\t\t\t\t\t\t\t\t\t\t<a href=\"http:\/\/sauna-kurim.cz\">\n\t\t\t\t\t\t\t<img loading=\"lazy\" decoding=\"async\" width=\"800\" height=\"800\" src=\"https:\/\/juza.cz\/wp-content\/uploads\/2023\/09\/sauna-kurim1-1024x1024.png\" class=\"attachment-large size-large wp-image-206\" alt=\"\" srcset=\"https:\/\/juza.cz\/wp-content\/uploads\/2023\/09\/sauna-kurim1-1024x1024.png 1024w, https:\/\/juza.cz\/wp-content\/uploads\/2023\/09\/sauna-kurim1-300x300.png 300w, https:\/\/juza.cz\/wp-content\/uploads\/2023\/09\/sauna-kurim1-150x150.png 150w, https:\/\/juza.cz\/wp-content\/uploads\/2023\/09\/sauna-kurim1-768x768.png 768w, https:\/\/juza.cz\/wp-content\/uploads\/2023\/09\/sauna-kurim1-1536x1536.png 1536w, https:\/\/juza.cz\/wp-content\/uploads\/2023\/09\/sauna-kurim1-2048x2048.png 2048w\" sizes=\"auto, (max-width: 800px) 100vw, 800px\" \/>\t\t\t\t\t\t\t\t<\/a>\n\t\t\t\t\t\t\t\t\t\t\t\t\t\t\t<\/div>\n\t\t\t\t<\/div>\n\t\t\t\t<\/div>\n\t\t\t\t<\/div>\n\t\t\t\t<\/div>\n\t\t<div class=\"elementor-element elementor-element-0199aa6 elementor-hidden-desktop e-flex e-con-boxed e-con\" data-id=\"0199aa6\" data-element_type=\"container\" data-settings=\"{&quot;background_background&quot;:&quot;classic&quot;,&quot;content_width&quot;:&quot;boxed&quot;}\">\n\t\t\t\t\t<div class=\"e-con-inner\">\n\t\t\t\t<div class=\"elementor-element elementor-element-839e3a3 elementor-widget-mobile__width-initial elementor-widget elementor-widget-image\" data-id=\"839e3a3\" data-element_type=\"widget\" data-widget_type=\"image.default\">\n\t\t\t\t<div class=\"elementor-widget-container\">\n\t\t\t\t\t\t\t\t\t\t\t\t\t\t\t\t<a href=\"http:\/\/ubytovani-kurim.cz\">\n\t\t\t\t\t\t\t<img loading=\"lazy\" decoding=\"async\" width=\"800\" height=\"800\" src=\"https:\/\/juza.cz\/wp-content\/uploads\/2023\/09\/ubytovani_logo1-1024x1024.png\" class=\"attachment-large size-large wp-image-204\" alt=\"\" srcset=\"https:\/\/juza.cz\/wp-content\/uploads\/2023\/09\/ubytovani_logo1-1024x1024.png 1024w, https:\/\/juza.cz\/wp-content\/uploads\/2023\/09\/ubytovani_logo1-300x300.png 300w, https:\/\/juza.cz\/wp-content\/uploads\/2023\/09\/ubytovani_logo1-150x150.png 150w, https:\/\/juza.cz\/wp-content\/uploads\/2023\/09\/ubytovani_logo1-768x768.png 768w, https:\/\/juza.cz\/wp-content\/uploads\/2023\/09\/ubytovani_logo1-1536x1536.png 1536w, https:\/\/juza.cz\/wp-content\/uploads\/2023\/09\/ubytovani_logo1-2048x2048.png 2048w\" sizes=\"auto, (max-width: 800px) 100vw, 800px\" \/>\t\t\t\t\t\t\t\t<\/a>\n\t\t\t\t\t\t\t\t\t\t\t\t\t\t\t<\/div>\n\t\t\t\t<\/div>\n\t\t\t\t<div class=\"elementor-element elementor-element-ead8f2d elementor-widget-mobile__width-initial elementor-widget elementor-widget-image\" data-id=\"ead8f2d\" data-element_type=\"widget\" data-widget_type=\"image.default\">\n\t\t\t\t<div class=\"elementor-widget-container\">\n\t\t\t\t\t\t\t\t\t\t\t\t\t\t\t\t<a href=\"http:\/\/naradi-kurim.cz\">\n\t\t\t\t\t\t\t<img loading=\"lazy\" decoding=\"async\" width=\"800\" height=\"800\" src=\"https:\/\/juza.cz\/wp-content\/uploads\/2023\/09\/naradi_logo5-1024x1024.png\" class=\"attachment-large size-large wp-image-205\" alt=\"\" srcset=\"https:\/\/juza.cz\/wp-content\/uploads\/2023\/09\/naradi_logo5-1024x1024.png 1024w, https:\/\/juza.cz\/wp-content\/uploads\/2023\/09\/naradi_logo5-300x300.png 300w, https:\/\/juza.cz\/wp-content\/uploads\/2023\/09\/naradi_logo5-150x150.png 150w, https:\/\/juza.cz\/wp-content\/uploads\/2023\/09\/naradi_logo5-768x768.png 768w, https:\/\/juza.cz\/wp-content\/uploads\/2023\/09\/naradi_logo5-1536x1536.png 1536w, https:\/\/juza.cz\/wp-content\/uploads\/2023\/09\/naradi_logo5-2048x2048.png 2048w\" sizes=\"auto, (max-width: 800px) 100vw, 800px\" \/>\t\t\t\t\t\t\t\t<\/a>\n\t\t\t\t\t\t\t\t\t\t\t\t\t\t\t<\/div>\n\t\t\t\t<\/div>\n\t\t\t\t\t<\/div>\n\t\t\t\t<\/div>\n\t\t<div class=\"elementor-element elementor-element-9cad30b elementor-hidden-desktop e-flex e-con-boxed e-con\" data-id=\"9cad30b\" data-element_type=\"container\" data-settings=\"{&quot;background_background&quot;:&quot;classic&quot;,&quot;content_width&quot;:&quot;boxed&quot;}\">\n\t\t\t\t\t<div class=\"e-con-inner\">\n\t\t\t\t<div class=\"elementor-element elementor-element-9f76bfa elementor-widget-mobile__width-initial elementor-widget elementor-widget-image\" data-id=\"9f76bfa\" data-element_type=\"widget\" data-widget_type=\"image.default\">\n\t\t\t\t<div class=\"elementor-widget-container\">\n\t\t\t\t\t\t\t\t\t\t\t\t\t\t\t\t<a href=\"http:\/\/karavany-kurim.cz\">\n\t\t\t\t\t\t\t<img loading=\"lazy\" decoding=\"async\" width=\"800\" height=\"800\" src=\"https:\/\/juza.cz\/wp-content\/uploads\/2023\/09\/karavany_logo2-1024x1024.png\" class=\"attachment-large size-large wp-image-203\" alt=\"\" srcset=\"https:\/\/juza.cz\/wp-content\/uploads\/2023\/09\/karavany_logo2-1024x1024.png 1024w, https:\/\/juza.cz\/wp-content\/uploads\/2023\/09\/karavany_logo2-300x300.png 300w, https:\/\/juza.cz\/wp-content\/uploads\/2023\/09\/karavany_logo2-150x150.png 150w, https:\/\/juza.cz\/wp-content\/uploads\/2023\/09\/karavany_logo2-768x768.png 768w, https:\/\/juza.cz\/wp-content\/uploads\/2023\/09\/karavany_logo2-1536x1536.png 1536w, https:\/\/juza.cz\/wp-content\/uploads\/2023\/09\/karavany_logo2-2048x2048.png 2048w\" sizes=\"auto, (max-width: 800px) 100vw, 800px\" \/>\t\t\t\t\t\t\t\t<\/a>\n\t\t\t\t\t\t\t\t\t\t\t\t\t\t\t<\/div>\n\t\t\t\t<\/div>\n\t\t\t\t<div class=\"elementor-element elementor-element-1edf9e8 elementor-widget-mobile__width-initial elementor-widget elementor-widget-image\" data-id=\"1edf9e8\" data-element_type=\"widget\" data-widget_type=\"image.default\">\n\t\t\t\t<div class=\"elementor-widget-container\">\n\t\t\t\t\t\t\t\t\t\t\t\t\t\t\t\t<a href=\"http:\/\/sauna-kurim.cz\">\n\t\t\t\t\t\t\t<img loading=\"lazy\" decoding=\"async\" width=\"800\" height=\"800\" src=\"https:\/\/juza.cz\/wp-content\/uploads\/2023\/09\/sauna-kurim1-1024x1024.png\" class=\"attachment-large size-large wp-image-206\" alt=\"\" srcset=\"https:\/\/juza.cz\/wp-content\/uploads\/2023\/09\/sauna-kurim1-1024x1024.png 1024w, https:\/\/juza.cz\/wp-content\/uploads\/2023\/09\/sauna-kurim1-300x300.png 300w, https:\/\/juza.cz\/wp-content\/uploads\/2023\/09\/sauna-kurim1-150x150.png 150w, https:\/\/juza.cz\/wp-content\/uploads\/2023\/09\/sauna-kurim1-768x768.png 768w, https:\/\/juza.cz\/wp-content\/uploads\/2023\/09\/sauna-kurim1-1536x1536.png 1536w, https:\/\/juza.cz\/wp-content\/uploads\/2023\/09\/sauna-kurim1-2048x2048.png 2048w\" sizes=\"auto, (max-width: 800px) 100vw, 800px\" \/>\t\t\t\t\t\t\t\t<\/a>\n\t\t\t\t\t\t\t\t\t\t\t\t\t\t\t<\/div>\n\t\t\t\t<\/div>\n\t\t\t\t\t<\/div>\n\t\t\t\t<\/div>\n\t\t<div class=\"elementor-element elementor-element-9cd523f elementor-hidden-desktop e-flex e-con-boxed e-con\" data-id=\"9cd523f\" data-element_type=\"container\" data-settings=\"{&quot;background_background&quot;:&quot;classic&quot;,&quot;content_width&quot;:&quot;boxed&quot;}\">\n\t\t\t\t\t<div class=\"e-con-inner\">\n\t\t\t\t<div class=\"elementor-element elementor-element-4a66e55 elementor-mobile-align-left elementor-widget-mobile__width-inherit elementor-icon-list--layout-traditional elementor-list-item-link-full_width elementor-widget elementor-widget-icon-list\" data-id=\"4a66e55\" data-element_type=\"widget\" data-widget_type=\"icon-list.default\">\n\t\t\t\t<div class=\"elementor-widget-container\">\n\t\t\t\t\t<ul class=\"elementor-icon-list-items\">\n\t\t\t\t\t\t\t<li class=\"elementor-icon-list-item\">\n\t\t\t\t\t\t\t\t\t\t\t<a href=\"mailto:juza@juza.cz\">\n\n\t\t\t\t\t\t\t\t\t\t\t\t<span class=\"elementor-icon-list-icon\">\n\t\t\t\t\t\t\t<i aria-hidden=\"true\" class=\"far fa-envelope\"><\/i>\t\t\t\t\t\t<\/span>\n\t\t\t\t\t\t\t\t\t\t<span class=\"elementor-icon-list-text\">Juza@juza.cz<\/span>\n\t\t\t\t\t\t\t\t\t\t\t<\/a>\n\t\t\t\t\t\t\t\t\t<\/li>\n\t\t\t\t\t\t\t\t<li class=\"elementor-icon-list-item\">\n\t\t\t\t\t\t\t\t\t\t\t<a href=\"tel:+420%20603%20273%20464\">\n\n\t\t\t\t\t\t\t\t\t\t\t\t<span class=\"elementor-icon-list-icon\">\n\t\t\t\t\t\t\t<i aria-hidden=\"true\" class=\"fas fa-phone-alt\"><\/i>\t\t\t\t\t\t<\/span>\n\t\t\t\t\t\t\t\t\t\t<span class=\"elementor-icon-list-text\">+420 603 273 464<\/span>\n\t\t\t\t\t\t\t\t\t\t\t<\/a>\n\t\t\t\t\t\t\t\t\t<\/li>\n\t\t\t\t\t\t\t\t<li class=\"elementor-icon-list-item\">\n\t\t\t\t\t\t\t\t\t\t\t<a href=\"tel:+420%20603%20273%20464\">\n\n\t\t\t\t\t\t\t\t\t\t\t\t<span class=\"elementor-icon-list-icon\">\n\t\t\t\t\t\t\t<i aria-hidden=\"true\" class=\"fas fa-map-marker-alt\"><\/i>\t\t\t\t\t\t<\/span>\n\t\t\t\t\t\t\t\t\t\t<span class=\"elementor-icon-list-text\">Otev\u0159en\u00e1 707, 664 34 Ku\u0159im<\/span>\n\t\t\t\t\t\t\t\t\t\t\t<\/a>\n\t\t\t\t\t\t\t\t\t<\/li>\n\t\t\t\t\t\t<\/ul>\n\t\t\t\t<\/div>\n\t\t\t\t<\/div>\n\t\t\t\t\t<\/div>\n\t\t\t\t<\/div>\n\t\t\t\t\t\t\t<\/div>\n\t\t","protected":false},"excerpt":{"rendered":"<p>Juza@juza.cz +420 603 273 464 Otev\u0159en\u00e1 707, 664 34 Ku\u0159im Juza@juza.cz +420 603 273 464 Otev\u0159en\u00e1 707, 664 34 Ku\u0159im<\/p>\n","protected":false},"author":1,"featured_media":0,"parent":0,"menu_order":0,"comment_status":"closed","ping_status":"closed","template":"elementor_canvas","meta":{"footnotes":""},"class_list":["post-165","page","type-page","status-publish","hentry"],"_links":{"self":[{"href":"https:\/\/juza.cz\/index.php?rest_route=\/wp\/v2\/pages\/165","targetHints":{"allow":["GET"]}}],"collection":[{"href":"https:\/\/juza.cz\/index.php?rest_route=\/wp\/v2\/pages"}],"about":[{"href":"https:\/\/juza.cz\/index.php?rest_route=\/wp\/v2\/types\/page"}],"author":[{"embeddable":true,"href":"https:\/\/juza.cz\/index.php?rest_route=\/wp\/v2\/users\/1"}],"replies":[{"embeddable":true,"href":"https:\/\/juza.cz\/index.php?rest_route=%2Fwp%2Fv2%2Fcomments&post=165"}],"version-history":[{"count":55,"href":"https:\/\/juza.cz\/index.php?rest_route=\/wp\/v2\/pages\/165\/revisions"}],"predecessor-version":[{"id":258,"href":"https:\/\/juza.cz\/index.php?rest_route=\/wp\/v2\/pages\/165\/revisions\/258"}],"wp:attachment":[{"href":"https:\/\/juza.cz\/index.php?rest_route=%2Fwp%2Fv2%2Fmedia&parent=165"}],"curies":[{"name":"wp","href":"https:\/\/api.w.org\/{rel}","templated":true}]}}